{"id":10,"date":"2023-07-06T11:35:38","date_gmt":"2023-07-06T14:35:38","guid":{"rendered":"https:\/\/sallesgianellini.webloper.com.br\/blog\/?page_id=10"},"modified":"2023-07-14T16:14:06","modified_gmt":"2023-07-14T19:14:06","slug":"home","status":"publish","type":"page","link":"https:\/\/giannellini.com.br\/blog\/","title":{"rendered":"Blog"},"content":{"rendered":"\t\t<div data-elementor-type=\"wp-page\" data-elementor-id=\"10\" class=\"elementor elementor-10\" data-elementor-post-type=\"page\">\n\t\t\t\t\t\t<section class=\"elementor-section elementor-top-section elementor-element elementor-element-a4b0561 elementor-section-height-min-height elementor-section-boxed elementor-section-height-default elementor-section-items-middle\" data-id=\"a4b0561\" data-element_type=\"section\" data-settings=\"{&quot;background_background&quot;:&quot;classic&quot;}\">\n\t\t\t\t\t\t<div class=\"elementor-container elementor-column-gap-default\">\n\t\t\t\t\t<div class=\"elementor-column elementor-col-100 elementor-top-column elementor-element elementor-element-40118b2\" data-id=\"40118b2\" data-element_type=\"column\">\n\t\t\t<div class=\"elementor-widget-wrap elementor-element-populated\">\n\t\t\t\t\t\t<div class=\"elementor-element elementor-element-c33aa21 elementor-widget elementor-widget-heading\" data-id=\"c33aa21\" data-element_type=\"widget\" data-widget_type=\"heading.default\">\n\t\t\t\t<div class=\"elementor-widget-container\">\n\t\t\t\t\t<h2 class=\"elementor-heading-title elementor-size-default\">BLOG<\/h2>\t\t\t\t<\/div>\n\t\t\t\t<\/div>\n\t\t\t\t\t<\/div>\n\t\t<\/div>\n\t\t\t\t\t<\/div>\n\t\t<\/section>\n\t\t\t\t<section class=\"elementor-section elementor-top-section elementor-element elementor-element-c76fbe2 elementor-section-boxed elementor-section-height-default elementor-section-height-default\" data-id=\"c76fbe2\" data-element_type=\"section\">\n\t\t\t\t\t\t<div class=\"elementor-container elementor-column-gap-default\">\n\t\t\t\t\t<div class=\"elementor-column elementor-col-100 elementor-top-column elementor-element elementor-element-636c29f\" data-id=\"636c29f\" data-element_type=\"column\">\n\t\t\t<div class=\"elementor-widget-wrap elementor-element-populated\">\n\t\t\t\t\t\t<div class=\"elementor-element elementor-element-baba6a3 posts elementor-grid-3 elementor-grid-tablet-2 elementor-grid-mobile-1 elementor-posts--thumbnail-top elementor-card-shadow-yes elementor-posts__hover-gradient elementor-widget elementor-widget-posts\" data-id=\"baba6a3\" data-element_type=\"widget\" data-settings=\"{&quot;cards_columns&quot;:&quot;3&quot;,&quot;cards_columns_tablet&quot;:&quot;2&quot;,&quot;cards_columns_mobile&quot;:&quot;1&quot;,&quot;cards_row_gap&quot;:{&quot;unit&quot;:&quot;px&quot;,&quot;size&quot;:35,&quot;sizes&quot;:[]},&quot;cards_row_gap_tablet&quot;:{&quot;unit&quot;:&quot;px&quot;,&quot;size&quot;:&quot;&quot;,&quot;sizes&quot;:[]},&quot;cards_row_gap_mobile&quot;:{&quot;unit&quot;:&quot;px&quot;,&quot;size&quot;:&quot;&quot;,&quot;sizes&quot;:[]}}\" data-widget_type=\"posts.cards\">\n\t\t\t\t<div class=\"elementor-widget-container\">\n\t\t\t\t\t\t\t<div class=\"elementor-posts-container elementor-posts elementor-posts--skin-cards elementor-grid\">\n\t\t\t\t<article class=\"elementor-post elementor-grid-item post-212 post type-post status-publish format-standard has-post-thumbnail hentry category-dicas entry\">\n\t\t\t<div class=\"elementor-post__card\">\n\t\t\t\t<a class=\"elementor-post__thumbnail__link\" href=\"https:\/\/giannellini.com.br\/blog\/2025\/01\/16\/o-uso-de-celulares-nas-escolas-entendendo-as-novas-regras-e-seus-beneficios\/\" tabindex=\"-1\" ><div class=\"elementor-post__thumbnail\"><img fetchpriority=\"high\" decoding=\"async\" width=\"750\" height=\"500\" src=\"https:\/\/giannellini.com.br\/blog\/wp-content\/uploads\/2025\/01\/Salles-Banner-Artigo-Celular-nas-escolas_1-768x512.webp\" class=\"attachment-medium_large size-medium_large wp-image-218\" alt=\"\" srcset=\"https:\/\/giannellini.com.br\/blog\/wp-content\/uploads\/2025\/01\/Salles-Banner-Artigo-Celular-nas-escolas_1-768x512.webp 768w, https:\/\/giannellini.com.br\/blog\/wp-content\/uploads\/2025\/01\/Salles-Banner-Artigo-Celular-nas-escolas_1-300x200.webp 300w, https:\/\/giannellini.com.br\/blog\/wp-content\/uploads\/2025\/01\/Salles-Banner-Artigo-Celular-nas-escolas_1-1024x683.webp 1024w, https:\/\/giannellini.com.br\/blog\/wp-content\/uploads\/2025\/01\/Salles-Banner-Artigo-Celular-nas-escolas_1.webp 1536w\" sizes=\"(max-width: 750px) 100vw, 750px\" style=\"width:100%;height:66.67%;max-width:1536px;\" \/><\/div><\/a>\n\t\t\t\t<div class=\"elementor-post__badge\">Dicas<\/div>\n\t\t\t\t<div class=\"elementor-post__text\">\n\t\t\t\t<h3 class=\"elementor-post__title\">\n\t\t\t<a href=\"https:\/\/giannellini.com.br\/blog\/2025\/01\/16\/o-uso-de-celulares-nas-escolas-entendendo-as-novas-regras-e-seus-beneficios\/\" >\n\t\t\t\tO Uso de Celulares nas Escolas: Entendendo as Novas Regras e Seus Benef\u00edcios\t\t\t<\/a>\n\t\t<\/h3>\n\t\t\t\t<div class=\"elementor-post__excerpt\">\n\t\t\t<p>A rela\u00e7\u00e3o entre tecnologia e educa\u00e7\u00e3o A rela\u00e7\u00e3o entre tecnologia e educa\u00e7\u00e3o \u00e9 um tema que vem ganhando destaque, especialmente com o crescente uso de<\/p>\n\t\t<\/div>\n\t\t\t\t<\/div>\n\t\t\t\t<div class=\"elementor-post__meta-data\">\n\t\t\t\t\t<span class=\"elementor-post-date\">\n\t\t\t16 de janeiro de 2025\t\t<\/span>\n\t\t\t\t<\/div>\n\t\t\t\t\t<\/div>\n\t\t<\/article>\n\t\t\t\t<article class=\"elementor-post elementor-grid-item post-199 post type-post status-publish format-standard has-post-thumbnail hentry category-dicas entry\">\n\t\t\t<div class=\"elementor-post__card\">\n\t\t\t\t<a class=\"elementor-post__thumbnail__link\" href=\"https:\/\/giannellini.com.br\/blog\/2024\/06\/07\/lei-14-620-23-entenda-as-alteracoes-aos-contratos-eletronicos\/\" tabindex=\"-1\" ><div class=\"elementor-post__thumbnail\"><img decoding=\"async\" width=\"750\" height=\"500\" src=\"https:\/\/giannellini.com.br\/blog\/wp-content\/uploads\/2024\/06\/top-view-career-guidance-items-judges_batcheditor_fotor-768x512.jpg\" class=\"attachment-medium_large size-medium_large wp-image-200\" alt=\"\" srcset=\"https:\/\/giannellini.com.br\/blog\/wp-content\/uploads\/2024\/06\/top-view-career-guidance-items-judges_batcheditor_fotor-768x512.jpg 768w, https:\/\/giannellini.com.br\/blog\/wp-content\/uploads\/2024\/06\/top-view-career-guidance-items-judges_batcheditor_fotor-300x200.jpg 300w, https:\/\/giannellini.com.br\/blog\/wp-content\/uploads\/2024\/06\/top-view-career-guidance-items-judges_batcheditor_fotor-1024x683.jpg 1024w, https:\/\/giannellini.com.br\/blog\/wp-content\/uploads\/2024\/06\/top-view-career-guidance-items-judges_batcheditor_fotor-1536x1024.jpg 1536w, https:\/\/giannellini.com.br\/blog\/wp-content\/uploads\/2024\/06\/top-view-career-guidance-items-judges_batcheditor_fotor-1568x1045.jpg 1568w, https:\/\/giannellini.com.br\/blog\/wp-content\/uploads\/2024\/06\/top-view-career-guidance-items-judges_batcheditor_fotor.jpg 1920w\" sizes=\"(max-width: 750px) 100vw, 750px\" style=\"width:100%;height:66.67%;max-width:1920px;\" \/><\/div><\/a>\n\t\t\t\t<div class=\"elementor-post__badge\">Dicas<\/div>\n\t\t\t\t<div class=\"elementor-post__text\">\n\t\t\t\t<h3 class=\"elementor-post__title\">\n\t\t\t<a href=\"https:\/\/giannellini.com.br\/blog\/2024\/06\/07\/lei-14-620-23-entenda-as-alteracoes-aos-contratos-eletronicos\/\" >\n\t\t\t\tLei 14.620\/23: Entenda as Altera\u00e7\u00f5es aos Contratos Eletr\u00f4nicos\t\t\t<\/a>\n\t\t<\/h3>\n\t\t\t\t<div class=\"elementor-post__excerpt\">\n\t\t\t<p>A evolu\u00e7\u00e3o tecnol\u00f3gica tem transformado profundamente a maneira como realizamos transa\u00e7\u00f5es comerciais e jur\u00eddicas. Com o avan\u00e7o da era digital, os contratos eletr\u00f4nicos ganharam destaque<\/p>\n\t\t<\/div>\n\t\t\t\t<\/div>\n\t\t\t\t<div class=\"elementor-post__meta-data\">\n\t\t\t\t\t<span class=\"elementor-post-date\">\n\t\t\t7 de junho de 2024\t\t<\/span>\n\t\t\t\t<\/div>\n\t\t\t\t\t<\/div>\n\t\t<\/article>\n\t\t\t\t<article class=\"elementor-post elementor-grid-item post-194 post type-post status-publish format-standard has-post-thumbnail hentry category-dicas entry\">\n\t\t\t<div class=\"elementor-post__card\">\n\t\t\t\t<a class=\"elementor-post__thumbnail__link\" href=\"https:\/\/giannellini.com.br\/blog\/2024\/06\/07\/empreendedorismo-e-legislacao-principais-pontos-legais-para-abrir-sua-empresa\/\" tabindex=\"-1\" ><div class=\"elementor-post__thumbnail\"><img decoding=\"async\" width=\"750\" height=\"500\" src=\"https:\/\/giannellini.com.br\/blog\/wp-content\/uploads\/2024\/06\/man-suit-holding-light-bulb_batcheditor_fotor-768x512.jpg\" class=\"attachment-medium_large size-medium_large wp-image-196\" alt=\"\" srcset=\"https:\/\/giannellini.com.br\/blog\/wp-content\/uploads\/2024\/06\/man-suit-holding-light-bulb_batcheditor_fotor-768x512.jpg 768w, https:\/\/giannellini.com.br\/blog\/wp-content\/uploads\/2024\/06\/man-suit-holding-light-bulb_batcheditor_fotor-300x200.jpg 300w, https:\/\/giannellini.com.br\/blog\/wp-content\/uploads\/2024\/06\/man-suit-holding-light-bulb_batcheditor_fotor-1024x683.jpg 1024w, https:\/\/giannellini.com.br\/blog\/wp-content\/uploads\/2024\/06\/man-suit-holding-light-bulb_batcheditor_fotor-1536x1024.jpg 1536w, https:\/\/giannellini.com.br\/blog\/wp-content\/uploads\/2024\/06\/man-suit-holding-light-bulb_batcheditor_fotor-1568x1045.jpg 1568w, https:\/\/giannellini.com.br\/blog\/wp-content\/uploads\/2024\/06\/man-suit-holding-light-bulb_batcheditor_fotor.jpg 1920w\" sizes=\"(max-width: 750px) 100vw, 750px\" style=\"width:100%;height:66.67%;max-width:1920px;\" \/><\/div><\/a>\n\t\t\t\t<div class=\"elementor-post__badge\">Dicas<\/div>\n\t\t\t\t<div class=\"elementor-post__text\">\n\t\t\t\t<h3 class=\"elementor-post__title\">\n\t\t\t<a href=\"https:\/\/giannellini.com.br\/blog\/2024\/06\/07\/empreendedorismo-e-legislacao-principais-pontos-legais-para-abrir-sua-empresa\/\" >\n\t\t\t\tEmpreendedorismo e Legisla\u00e7\u00e3o: Principais Pontos Legais para Abrir Sua Empresa\t\t\t<\/a>\n\t\t<\/h3>\n\t\t\t\t<div class=\"elementor-post__excerpt\">\n\t\t\t<p>O empreendedorismo \u00e9 uma jornada desafiadora e repleta de oportunidades, mas tamb\u00e9m \u00e9 fundamental estar ciente das quest\u00f5es legais que envolvem a abertura e opera\u00e7\u00e3o<\/p>\n\t\t<\/div>\n\t\t\t\t<\/div>\n\t\t\t\t<div class=\"elementor-post__meta-data\">\n\t\t\t\t\t<span class=\"elementor-post-date\">\n\t\t\t7 de junho de 2024\t\t<\/span>\n\t\t\t\t<\/div>\n\t\t\t\t\t<\/div>\n\t\t<\/article>\n\t\t\t\t<article class=\"elementor-post elementor-grid-item post-190 post type-post status-publish format-standard has-post-thumbnail hentry category-dicas entry\">\n\t\t\t<div class=\"elementor-post__card\">\n\t\t\t\t<a class=\"elementor-post__thumbnail__link\" href=\"https:\/\/giannellini.com.br\/blog\/2024\/06\/07\/como-funciona-a-aposentadoria-por-invalidez-um-guia-completo-com-aspectos-legais-e-procedimentos\/\" tabindex=\"-1\" ><div class=\"elementor-post__thumbnail\"><img loading=\"lazy\" decoding=\"async\" width=\"750\" height=\"501\" src=\"https:\/\/giannellini.com.br\/blog\/wp-content\/uploads\/2023\/07\/elderly-indian-man-retirement-house-768x513.jpg\" class=\"attachment-medium_large size-medium_large wp-image-191\" alt=\"\" srcset=\"https:\/\/giannellini.com.br\/blog\/wp-content\/uploads\/2023\/07\/elderly-indian-man-retirement-house-768x513.jpg 768w, https:\/\/giannellini.com.br\/blog\/wp-content\/uploads\/2023\/07\/elderly-indian-man-retirement-house-300x200.jpg 300w, https:\/\/giannellini.com.br\/blog\/wp-content\/uploads\/2023\/07\/elderly-indian-man-retirement-house-1024x683.jpg 1024w, https:\/\/giannellini.com.br\/blog\/wp-content\/uploads\/2023\/07\/elderly-indian-man-retirement-house-1536x1025.jpg 1536w, https:\/\/giannellini.com.br\/blog\/wp-content\/uploads\/2023\/07\/elderly-indian-man-retirement-house-2048x1367.jpg 2048w, https:\/\/giannellini.com.br\/blog\/wp-content\/uploads\/2023\/07\/elderly-indian-man-retirement-house-1568x1046.jpg 1568w\" sizes=\"(max-width: 750px) 100vw, 750px\" style=\"width:100%;height:66.76%;max-width:2560px;\" \/><\/div><\/a>\n\t\t\t\t<div class=\"elementor-post__badge\">Dicas<\/div>\n\t\t\t\t<div class=\"elementor-post__text\">\n\t\t\t\t<h3 class=\"elementor-post__title\">\n\t\t\t<a href=\"https:\/\/giannellini.com.br\/blog\/2024\/06\/07\/como-funciona-a-aposentadoria-por-invalidez-um-guia-completo-com-aspectos-legais-e-procedimentos\/\" >\n\t\t\t\tComo Funciona a Aposentadoria por Invalidez: Um Guia Completo com Aspectos Legais e Procedimentos\t\t\t<\/a>\n\t\t<\/h3>\n\t\t\t\t<div class=\"elementor-post__excerpt\">\n\t\t\t<p>A aposentadoria por invalidez \u00e9 um benef\u00edcio previdenci\u00e1rio concedido pelo Instituto Nacional do Seguro Social (INSS) a trabalhadores que se encontram incapacitados de forma permanente<\/p>\n\t\t<\/div>\n\t\t\t\t<\/div>\n\t\t\t\t<div class=\"elementor-post__meta-data\">\n\t\t\t\t\t<span class=\"elementor-post-date\">\n\t\t\t7 de junho de 2024\t\t<\/span>\n\t\t\t\t<\/div>\n\t\t\t\t\t<\/div>\n\t\t<\/article>\n\t\t\t\t<article class=\"elementor-post elementor-grid-item post-135 post type-post status-publish format-standard has-post-thumbnail hentry category-dicas entry\">\n\t\t\t<div class=\"elementor-post__card\">\n\t\t\t\t<a class=\"elementor-post__thumbnail__link\" href=\"https:\/\/giannellini.com.br\/blog\/2023\/07\/11\/tecnologia-na-educacao-privacidade-de-dados-e-desafios-legais\/\" tabindex=\"-1\" ><div class=\"elementor-post__thumbnail\"><img loading=\"lazy\" decoding=\"async\" width=\"750\" height=\"429\" src=\"https:\/\/giannellini.com.br\/blog\/wp-content\/uploads\/2023\/07\/bannerblog-tecnologia-na-educacao-768x439.jpg\" class=\"attachment-medium_large size-medium_large wp-image-174\" alt=\"\" srcset=\"https:\/\/giannellini.com.br\/blog\/wp-content\/uploads\/2023\/07\/bannerblog-tecnologia-na-educacao-768x439.jpg 768w, https:\/\/giannellini.com.br\/blog\/wp-content\/uploads\/2023\/07\/bannerblog-tecnologia-na-educacao-300x171.jpg 300w, https:\/\/giannellini.com.br\/blog\/wp-content\/uploads\/2023\/07\/bannerblog-tecnologia-na-educacao-1024x585.jpg 1024w, https:\/\/giannellini.com.br\/blog\/wp-content\/uploads\/2023\/07\/bannerblog-tecnologia-na-educacao-1536x878.jpg 1536w, https:\/\/giannellini.com.br\/blog\/wp-content\/uploads\/2023\/07\/bannerblog-tecnologia-na-educacao-1568x896.jpg 1568w, https:\/\/giannellini.com.br\/blog\/wp-content\/uploads\/2023\/07\/bannerblog-tecnologia-na-educacao.jpg 2000w\" sizes=\"(max-width: 750px) 100vw, 750px\" style=\"width:100%;height:57.15%;max-width:2000px;\" \/><\/div><\/a>\n\t\t\t\t<div class=\"elementor-post__badge\">Dicas<\/div>\n\t\t\t\t<div class=\"elementor-post__text\">\n\t\t\t\t<h3 class=\"elementor-post__title\">\n\t\t\t<a href=\"https:\/\/giannellini.com.br\/blog\/2023\/07\/11\/tecnologia-na-educacao-privacidade-de-dados-e-desafios-legais\/\" >\n\t\t\t\tTecnologia na Educa\u00e7\u00e3o: Privacidade de Dados e Desafios Legais\t\t\t<\/a>\n\t\t<\/h3>\n\t\t\t\t<div class=\"elementor-post__excerpt\">\n\t\t\t<p>A integra\u00e7\u00e3o da tecnologia na educa\u00e7\u00e3o transformou a forma como aprendemos e ensinamos. Plataformas de ensino online, aplicativos educacionais e a coleta de dados de<\/p>\n\t\t<\/div>\n\t\t\t\t<\/div>\n\t\t\t\t<div class=\"elementor-post__meta-data\">\n\t\t\t\t\t<span class=\"elementor-post-date\">\n\t\t\t11 de julho de 2023\t\t<\/span>\n\t\t\t\t<\/div>\n\t\t\t\t\t<\/div>\n\t\t<\/article>\n\t\t\t\t<article class=\"elementor-post elementor-grid-item post-65 post type-post status-publish format-standard has-post-thumbnail hentry category-dicas entry\">\n\t\t\t<div class=\"elementor-post__card\">\n\t\t\t\t<a class=\"elementor-post__thumbnail__link\" href=\"https:\/\/giannellini.com.br\/blog\/2023\/07\/07\/post-1\/\" tabindex=\"-1\" ><div class=\"elementor-post__thumbnail\"><img loading=\"lazy\" decoding=\"async\" width=\"750\" height=\"429\" src=\"https:\/\/giannellini.com.br\/blog\/wp-content\/uploads\/2023\/07\/bannerblog-direitos-consumidor-protegendo-legalmente-nas-transacoes-comerciais-768x439.jpg\" class=\"attachment-medium_large size-medium_large wp-image-175\" alt=\"\" srcset=\"https:\/\/giannellini.com.br\/blog\/wp-content\/uploads\/2023\/07\/bannerblog-direitos-consumidor-protegendo-legalmente-nas-transacoes-comerciais-768x439.jpg 768w, https:\/\/giannellini.com.br\/blog\/wp-content\/uploads\/2023\/07\/bannerblog-direitos-consumidor-protegendo-legalmente-nas-transacoes-comerciais-300x171.jpg 300w, https:\/\/giannellini.com.br\/blog\/wp-content\/uploads\/2023\/07\/bannerblog-direitos-consumidor-protegendo-legalmente-nas-transacoes-comerciais-1024x585.jpg 1024w, https:\/\/giannellini.com.br\/blog\/wp-content\/uploads\/2023\/07\/bannerblog-direitos-consumidor-protegendo-legalmente-nas-transacoes-comerciais-1536x878.jpg 1536w, https:\/\/giannellini.com.br\/blog\/wp-content\/uploads\/2023\/07\/bannerblog-direitos-consumidor-protegendo-legalmente-nas-transacoes-comerciais-1568x896.jpg 1568w, https:\/\/giannellini.com.br\/blog\/wp-content\/uploads\/2023\/07\/bannerblog-direitos-consumidor-protegendo-legalmente-nas-transacoes-comerciais.jpg 2000w\" sizes=\"(max-width: 750px) 100vw, 750px\" style=\"width:100%;height:57.15%;max-width:2000px;\" \/><\/div><\/a>\n\t\t\t\t<div class=\"elementor-post__badge\">Dicas<\/div>\n\t\t\t\t<div class=\"elementor-post__text\">\n\t\t\t\t<h3 class=\"elementor-post__title\">\n\t\t\t<a href=\"https:\/\/giannellini.com.br\/blog\/2023\/07\/07\/post-1\/\" >\n\t\t\t\tDireitos do Consumidor: Protegendo-se Legalmente nas Transa\u00e7\u00f5es Comerciais\t\t\t<\/a>\n\t\t<\/h3>\n\t\t\t\t<div class=\"elementor-post__excerpt\">\n\t\t\t<p>A rela\u00e7\u00e3o entre consumidores e empresas \u00e9 uma parte fundamental da economia global. Quando compramos produtos ou contratamos servi\u00e7os, esperamos que nossos direitos sejam respeitados,<\/p>\n\t\t<\/div>\n\t\t\t\t<\/div>\n\t\t\t\t<div class=\"elementor-post__meta-data\">\n\t\t\t\t\t<span class=\"elementor-post-date\">\n\t\t\t7 de julho de 2023\t\t<\/span>\n\t\t\t\t<\/div>\n\t\t\t\t\t<\/div>\n\t\t<\/article>\n\t\t\t\t<\/div>\n\t\t\n\t\t\t\t\t\t<\/div>\n\t\t\t\t<\/div>\n\t\t\t\t\t<\/div>\n\t\t<\/div>\n\t\t\t\t\t<\/div>\n\t\t<\/section>\n\t\t\t\t<\/div>\n\t\t","protected":false},"excerpt":{"rendered":"<p>BLOG<\/p>\n","protected":false},"author":1,"featured_media":0,"parent":0,"menu_order":0,"comment_status":"closed","ping_status":"closed","template":"elementor_header_footer","meta":{"footnotes":""},"class_list":["post-10","page","type-page","status-publish","hentry","entry"],"yoast_head":"<!-- This site is optimized with the Yoast SEO plugin v26.9 - https:\/\/yoast.com\/product\/yoast-seo-wordpress\/ -->\n<title>Blog - Salles Giannellini - Blog<\/title>\n<meta name=\"robots\" content=\"noindex, follow, max-snippet:-1, max-image-preview:large, max-video-preview:-1\" \/>\n<meta property=\"og:locale\" content=\"pt_BR\" \/>\n<meta property=\"og:type\" content=\"article\" \/>\n<meta property=\"og:title\" content=\"Blog - Salles Giannellini - Blog\" \/>\n<meta property=\"og:description\" content=\"BLOG\" \/>\n<meta property=\"og:url\" content=\"https:\/\/giannellini.com.br\/blog\/\" \/>\n<meta property=\"og:site_name\" content=\"Salles Giannellini - Blog\" \/>\n<meta property=\"article:modified_time\" content=\"2023-07-14T19:14:06+00:00\" \/>\n<meta name=\"twitter:card\" content=\"summary_large_image\" \/>\n<script type=\"application\/ld+json\" class=\"yoast-schema-graph\">{\"@context\":\"https:\/\/schema.org\",\"@graph\":[{\"@type\":\"WebPage\",\"@id\":\"https:\/\/giannellini.com.br\/blog\/\",\"url\":\"https:\/\/giannellini.com.br\/blog\/\",\"name\":\"Blog - Salles Giannellini - Blog\",\"isPartOf\":{\"@id\":\"https:\/\/giannellini.com.br\/blog\/#website\"},\"datePublished\":\"2023-07-06T14:35:38+00:00\",\"dateModified\":\"2023-07-14T19:14:06+00:00\",\"breadcrumb\":{\"@id\":\"https:\/\/giannellini.com.br\/blog\/#breadcrumb\"},\"inLanguage\":\"pt-BR\",\"potentialAction\":[{\"@type\":\"ReadAction\",\"target\":[\"https:\/\/giannellini.com.br\/blog\/\"]}]},{\"@type\":\"BreadcrumbList\",\"@id\":\"https:\/\/giannellini.com.br\/blog\/#breadcrumb\",\"itemListElement\":[{\"@type\":\"ListItem\",\"position\":1,\"name\":\"Home\",\"item\":\"https:\/\/giannellini.com.br\/blog\/\"},{\"@type\":\"ListItem\",\"position\":2,\"name\":\"Blog\"}]},{\"@type\":\"WebSite\",\"@id\":\"https:\/\/giannellini.com.br\/blog\/#website\",\"url\":\"https:\/\/giannellini.com.br\/blog\/\",\"name\":\"Salles Giannellini - Blog\",\"description\":\"\",\"potentialAction\":[{\"@type\":\"SearchAction\",\"target\":{\"@type\":\"EntryPoint\",\"urlTemplate\":\"https:\/\/giannellini.com.br\/blog\/?s={search_term_string}\"},\"query-input\":{\"@type\":\"PropertyValueSpecification\",\"valueRequired\":true,\"valueName\":\"search_term_string\"}}],\"inLanguage\":\"pt-BR\"}]}<\/script>\n<!-- \/ Yoast SEO plugin. -->","yoast_head_json":{"title":"Blog - Salles Giannellini - Blog","robots":{"index":"noindex","follow":"follow","max-snippet":"max-snippet:-1","max-image-preview":"max-image-preview:large","max-video-preview":"max-video-preview:-1"},"og_locale":"pt_BR","og_type":"article","og_title":"Blog - Salles Giannellini - Blog","og_description":"BLOG","og_url":"https:\/\/giannellini.com.br\/blog\/","og_site_name":"Salles Giannellini - Blog","article_modified_time":"2023-07-14T19:14:06+00:00","twitter_card":"summary_large_image","schema":{"@context":"https:\/\/schema.org","@graph":[{"@type":"WebPage","@id":"https:\/\/giannellini.com.br\/blog\/","url":"https:\/\/giannellini.com.br\/blog\/","name":"Blog - Salles Giannellini - Blog","isPartOf":{"@id":"https:\/\/giannellini.com.br\/blog\/#website"},"datePublished":"2023-07-06T14:35:38+00:00","dateModified":"2023-07-14T19:14:06+00:00","breadcrumb":{"@id":"https:\/\/giannellini.com.br\/blog\/#breadcrumb"},"inLanguage":"pt-BR","potentialAction":[{"@type":"ReadAction","target":["https:\/\/giannellini.com.br\/blog\/"]}]},{"@type":"BreadcrumbList","@id":"https:\/\/giannellini.com.br\/blog\/#breadcrumb","itemListElement":[{"@type":"ListItem","position":1,"name":"Home","item":"https:\/\/giannellini.com.br\/blog\/"},{"@type":"ListItem","position":2,"name":"Blog"}]},{"@type":"WebSite","@id":"https:\/\/giannellini.com.br\/blog\/#website","url":"https:\/\/giannellini.com.br\/blog\/","name":"Salles Giannellini - Blog","description":"","potentialAction":[{"@type":"SearchAction","target":{"@type":"EntryPoint","urlTemplate":"https:\/\/giannellini.com.br\/blog\/?s={search_term_string}"},"query-input":{"@type":"PropertyValueSpecification","valueRequired":true,"valueName":"search_term_string"}}],"inLanguage":"pt-BR"}]}},"_links":{"self":[{"href":"https:\/\/giannellini.com.br\/blog\/wp-json\/wp\/v2\/pages\/10","targetHints":{"allow":["GET"]}}],"collection":[{"href":"https:\/\/giannellini.com.br\/blog\/wp-json\/wp\/v2\/pages"}],"about":[{"href":"https:\/\/giannellini.com.br\/blog\/wp-json\/wp\/v2\/types\/page"}],"author":[{"embeddable":true,"href":"https:\/\/giannellini.com.br\/blog\/wp-json\/wp\/v2\/users\/1"}],"replies":[{"embeddable":true,"href":"https:\/\/giannellini.com.br\/blog\/wp-json\/wp\/v2\/comments?post=10"}],"version-history":[{"count":53,"href":"https:\/\/giannellini.com.br\/blog\/wp-json\/wp\/v2\/pages\/10\/revisions"}],"predecessor-version":[{"id":167,"href":"https:\/\/giannellini.com.br\/blog\/wp-json\/wp\/v2\/pages\/10\/revisions\/167"}],"wp:attachment":[{"href":"https:\/\/giannellini.com.br\/blog\/wp-json\/wp\/v2\/media?parent=10"}],"curies":[{"name":"wp","href":"https:\/\/api.w.org\/{rel}","templated":true}]}}